{"id":286,"date":"2016-10-31T13:17:59","date_gmt":"2016-10-31T16:17:59","guid":{"rendered":"https:\/\/isfdcastrob-lrj.infd.edu.ar\/sitio\/?page_id=286"},"modified":"2024-08-19T17:53:06","modified_gmt":"2024-08-19T20:53:06","slug":"inicio","status":"publish","type":"page","link":"https:\/\/isfdcastrob-lrj.infd.edu.ar\/sitio\/","title":{"rendered":""},"content":{"rendered":"\n<div class=\"wp-block-group alignfull has-background is-layout-flow\" style=\"background-color:#f5eac1;padding-top:6vw;padding-right:6vw;padding-bottom:6vw;padding-left:6vw\"><div class=\"wp-block-group__inner-container\">\n<div class=\"wp-block-group is-vertical is-nowrap is-layout-flex wp-container-1\" style=\"padding-right:0;padding-left:0\">\n<h6 class=\"wp-block-heading has-text-color\" id=\"ecosystem\" style=\"color:#000000;font-size:16px\"><\/h6>\n\n\n\n<blockquote class=\"wp-block-quote\">\n<p class=\"has-text-color\" style=\"color:#000000;font-size:6vw;font-style:normal;font-weight:700;letter-spacing:0px;line-height:0.9;text-decoration:none;text-transform:none\">Noticias institucionales<\/p>\n<\/blockquote>\n<\/div>\n\n\n\n<div class=\"wp-block-group alignwide is-vertical is-nowrap is-layout-flex wp-container-10\" style=\"padding-top:0;padding-right:0;padding-bottom:0;padding-left:0\">\n<div class=\"wp-block-columns alignwide is-layout-flex wp-container-9\">\n<div class=\"wp-block-column is-layout-flow\" style=\"flex-basis:33.38%\">\n<p><\/p>\n\n\n\n<p class=\"has-text-color\" style=\"color:#000000;font-size:17px\"><em><strong>El ISFD Castro Barros concret\u00f3 la 2\u00aa  reuni\u00f3n institucional del a\u00f1o<\/strong><\/em><\/p>\n\n\n\n<p>D\u00edas pasados se llev\u00f3 a cabo esta reuni\u00f3n institucional, la cual estuvo organizada por la directora Mar\u00eda Eugenia Folledo y el equipo de gesti\u00f3n de la instituci\u00f3n, participando toda la comunidad educativa.<\/p>\n\n\n\n<p>En la oportunidad se analiz\u00f3 el avance del Plan de Gesti\u00f3n Anual, como as\u00ed tambi\u00e9n los departamos de Formaci\u00f3n Inicial, de Investigaci\u00f3n y <a><\/a>Continua realizaron una evaluaci\u00f3n del trabajo que vienen llevando a cabo y plantearon las propuestas para lo que resta del a\u00f1o. En tanto, que las coordinadoras de carreras hicieron lo propio.<\/p>\n\n\n\n<p>Adem\u00e1s, en el encuentro se present\u00f3 el dispositivo institucional de evaluaci\u00f3n formativa en el nivel superior.<\/p>\n\n\n\n<p>Tambi\u00e9n en la reuni\u00f3n, la docente Karina Fabaro a cargo de la OPVEE (Organizaci\u00f3n de Padres Vinculados al Establecimiento Educativo) de la instituci\u00f3n, brind\u00f3 detalles de los fondos recaudados y la inversi\u00f3n de los mismos.<\/p>\n\n\n\n<p>Finalmente, se present\u00f3 la Convocatoria 24\/25 de proyectos de mejora institucional.<\/p>\n\n\n\n<p class=\"has-text-color\" style=\"color:#000000;font-size:17px\"><\/p>\n<\/div>\n\n\n\n<div class=\"wp-block-column is-layout-flow\" style=\"flex-basis:33%\">\n<div style=\"height:2vw\" aria-hidden=\"true\" class=\"wp-block-spacer\"><\/div>\n\n\n\n<figure class=\"wp-block-gallery has-nested-images columns-default is-cropped wp-block-gallery-3 is-layout-flex\">\n<figure class=\"wp-block-image size-full\"><img decoding=\"async\" loading=\"lazy\" width=\"1600\" height=\"900\" src=\"https:\/\/isfdcastrob-lrj.infd.edu.ar\/sitio\/wp-content\/uploads\/2024\/08\/361ec1d1-d492-4b61-9d28-bacd27d8533a.jpg\" alt=\"\" class=\"wp-image-1947\" srcset=\"https:\/\/isfdcastrob-lrj.infd.edu.ar\/sitio\/wp-content\/uploads\/2024\/08\/361ec1d1-d492-4b61-9d28-bacd27d8533a.jpg 1600w, https:\/\/isfdcastrob-lrj.infd.edu.ar\/sitio\/wp-content\/uploads\/2024\/08\/361ec1d1-d492-4b61-9d28-bacd27d8533a-1000x563.jpg 1000w, https:\/\/isfdcastrob-lrj.infd.edu.ar\/sitio\/wp-content\/uploads\/2024\/08\/361ec1d1-d492-4b61-9d28-bacd27d8533a-768x432.jpg 768w, https:\/\/isfdcastrob-lrj.infd.edu.ar\/sitio\/wp-content\/uploads\/2024\/08\/361ec1d1-d492-4b61-9d28-bacd27d8533a-1536x864.jpg 1536w\" sizes=\"(max-width: 1600px) 100vw, 1600px\" \/><\/figure>\n<\/figure>\n\n\n\n<figure class=\"wp-block-image size-full\"><img decoding=\"async\" loading=\"lazy\" width=\"1600\" height=\"900\" src=\"https:\/\/isfdcastrob-lrj.infd.edu.ar\/sitio\/wp-content\/uploads\/2024\/08\/2a040ca3-9f69-4c3b-858b-9bc9af5a4e58.jpg\" alt=\"\" class=\"wp-image-1961\" srcset=\"https:\/\/isfdcastrob-lrj.infd.edu.ar\/sitio\/wp-content\/uploads\/2024\/08\/2a040ca3-9f69-4c3b-858b-9bc9af5a4e58.jpg 1600w, https:\/\/isfdcastrob-lrj.infd.edu.ar\/sitio\/wp-content\/uploads\/2024\/08\/2a040ca3-9f69-4c3b-858b-9bc9af5a4e58-1000x563.jpg 1000w, https:\/\/isfdcastrob-lrj.infd.edu.ar\/sitio\/wp-content\/uploads\/2024\/08\/2a040ca3-9f69-4c3b-858b-9bc9af5a4e58-768x432.jpg 768w, https:\/\/isfdcastrob-lrj.infd.edu.ar\/sitio\/wp-content\/uploads\/2024\/08\/2a040ca3-9f69-4c3b-858b-9bc9af5a4e58-1536x864.jpg 1536w\" sizes=\"(max-width: 1600px) 100vw, 1600px\" \/><\/figure>\n\n\n\n<figure class=\"wp-block-image size-full\"><img decoding=\"async\" loading=\"lazy\" width=\"1600\" height=\"900\" src=\"https:\/\/isfdcastrob-lrj.infd.edu.ar\/sitio\/wp-content\/uploads\/2024\/08\/61d56730-e15b-4ba8-8121-8b5510b82398.jpg\" alt=\"\" class=\"wp-image-1965\" srcset=\"https:\/\/isfdcastrob-lrj.infd.edu.ar\/sitio\/wp-content\/uploads\/2024\/08\/61d56730-e15b-4ba8-8121-8b5510b82398.jpg 1600w, https:\/\/isfdcastrob-lrj.infd.edu.ar\/sitio\/wp-content\/uploads\/2024\/08\/61d56730-e15b-4ba8-8121-8b5510b82398-1000x563.jpg 1000w, https:\/\/isfdcastrob-lrj.infd.edu.ar\/sitio\/wp-content\/uploads\/2024\/08\/61d56730-e15b-4ba8-8121-8b5510b82398-768x432.jpg 768w, https:\/\/isfdcastrob-lrj.infd.edu.ar\/sitio\/wp-content\/uploads\/2024\/08\/61d56730-e15b-4ba8-8121-8b5510b82398-1536x864.jpg 1536w\" sizes=\"(max-width: 1600px) 100vw, 1600px\" \/><\/figure>\n<\/div>\n\n\n\n<div class=\"wp-block-column is-layout-flow\" style=\"flex-basis:33.62%\">\n<figure class=\"wp-block-gallery has-nested-images columns-default is-cropped wp-block-gallery-6 is-layout-flex\"><\/figure>\n\n\n\n<figure class=\"wp-block-image size-full\"><img decoding=\"async\" loading=\"lazy\" width=\"1600\" height=\"900\" src=\"https:\/\/isfdcastrob-lrj.infd.edu.ar\/sitio\/wp-content\/uploads\/2024\/08\/91092e9d-7f05-49b2-aa27-8ef202e0f60b.jpg\" alt=\"\" class=\"wp-image-1958\" srcset=\"https:\/\/isfdcastrob-lrj.infd.edu.ar\/sitio\/wp-content\/uploads\/2024\/08\/91092e9d-7f05-49b2-aa27-8ef202e0f60b.jpg 1600w, https:\/\/isfdcastrob-lrj.infd.edu.ar\/sitio\/wp-content\/uploads\/2024\/08\/91092e9d-7f05-49b2-aa27-8ef202e0f60b-1000x563.jpg 1000w, https:\/\/isfdcastrob-lrj.infd.edu.ar\/sitio\/wp-content\/uploads\/2024\/08\/91092e9d-7f05-49b2-aa27-8ef202e0f60b-768x432.jpg 768w, https:\/\/isfdcastrob-lrj.infd.edu.ar\/sitio\/wp-content\/uploads\/2024\/08\/91092e9d-7f05-49b2-aa27-8ef202e0f60b-1536x864.jpg 1536w\" sizes=\"(max-width: 1600px) 100vw, 1600px\" \/><\/figure>\n\n\n\n<figure class=\"wp-block-image size-full\"><img decoding=\"async\" loading=\"lazy\" width=\"1600\" height=\"900\" src=\"https:\/\/isfdcastrob-lrj.infd.edu.ar\/sitio\/wp-content\/uploads\/2024\/08\/d2b0381c-ac87-4a09-a5a1-8d0950e20889.jpg\" alt=\"\" class=\"wp-image-1964\" srcset=\"https:\/\/isfdcastrob-lrj.infd.edu.ar\/sitio\/wp-content\/uploads\/2024\/08\/d2b0381c-ac87-4a09-a5a1-8d0950e20889.jpg 1600w, https:\/\/isfdcastrob-lrj.infd.edu.ar\/sitio\/wp-content\/uploads\/2024\/08\/d2b0381c-ac87-4a09-a5a1-8d0950e20889-1000x563.jpg 1000w, https:\/\/isfdcastrob-lrj.infd.edu.ar\/sitio\/wp-content\/uploads\/2024\/08\/d2b0381c-ac87-4a09-a5a1-8d0950e20889-768x432.jpg 768w, https:\/\/isfdcastrob-lrj.infd.edu.ar\/sitio\/wp-content\/uploads\/2024\/08\/d2b0381c-ac87-4a09-a5a1-8d0950e20889-1536x864.jpg 1536w\" sizes=\"(max-width: 1600px) 100vw, 1600px\" \/><\/figure>\n\n\n\n<figure class=\"wp-block-image size-full\"><img decoding=\"async\" loading=\"lazy\" width=\"1600\" height=\"900\" src=\"https:\/\/isfdcastrob-lrj.infd.edu.ar\/sitio\/wp-content\/uploads\/2024\/08\/455353672_904507585033868_8718525955782689361_n-1.jpg\" alt=\"\" class=\"wp-image-1968\" srcset=\"https:\/\/isfdcastrob-lrj.infd.edu.ar\/sitio\/wp-content\/uploads\/2024\/08\/455353672_904507585033868_8718525955782689361_n-1.jpg 1600w, https:\/\/isfdcastrob-lrj.infd.edu.ar\/sitio\/wp-content\/uploads\/2024\/08\/455353672_904507585033868_8718525955782689361_n-1-1000x563.jpg 1000w, https:\/\/isfdcastrob-lrj.infd.edu.ar\/sitio\/wp-content\/uploads\/2024\/08\/455353672_904507585033868_8718525955782689361_n-1-768x432.jpg 768w, https:\/\/isfdcastrob-lrj.infd.edu.ar\/sitio\/wp-content\/uploads\/2024\/08\/455353672_904507585033868_8718525955782689361_n-1-1536x864.jpg 1536w\" sizes=\"(max-width: 1600px) 100vw, 1600px\" \/><\/figure>\n<\/div>\n<\/div>\n<\/div>\n<\/div><\/div>\n\n\n\n<p><\/p>\n\n\n\n<div class=\"wp-block-group alignfull has-background is-layout-flow\" style=\"background-color:#f5eac1;padding-top:6vw;padding-right:6vw;padding-bottom:6vw;padding-left:6vw\"><div class=\"wp-block-group__inner-container\">\n<div class=\"wp-block-group alignwide is-vertical is-nowrap is-layout-flex wp-container-15\" style=\"padding-top:0;padding-right:0;padding-bottom:0;padding-left:0\">\n<div class=\"wp-block-columns alignwide is-layout-flex wp-container-14\">\n<div class=\"wp-block-column is-layout-flow\" style=\"flex-basis:69%\"><div class=\"wp-block-image\">\n<figure class=\"aligncenter size-full is-resized\"><img decoding=\"async\" loading=\"lazy\" src=\"https:\/\/isfdcastrob-lrj.infd.edu.ar\/sitio\/wp-content\/uploads\/2024\/08\/51cb76e0-6d39-4445-bab7-5df9b7a5c0d9.jpg\" alt=\"\" class=\"wp-image-1970\" width=\"668\" height=\"396\"\/><\/figure><\/div><\/div>\n\n\n\n<div class=\"wp-block-column is-vertically-aligned-center is-layout-flow\" style=\"flex-basis:33%\">\n<p><\/p>\n\n\n\n\n\n<p><strong><em>Participamos de un nuevo aniversario de la escuela Normal <\/em><\/strong><\/p>\n\n\n\n<p>Nuestro instituto se hizo presente en los festejos de la escuela Normal \u201cPedro Ignacio de Castro Barros\u201d.<\/p>\n\n\n\n<p>La instituci\u00f3n educativa celebr\u00f3 sus 140 a\u00f1os con un emotivo acto en el que se hicieron presentes la directora de nuestro ISFD Castro Barros, Mar\u00eda Eugenia Folledo, junto a la jefa del Departamento de Investigaci\u00f3n Educativa, Emma Guerrero y al secretario <a><\/a>Administrativo, Roque Ibarruela.<\/p>\n\n\n\n<p>En la oportunidad, se realiz\u00f3 un colorido desfile del cual particip\u00f3 el cuerpo de Banderas del instituto.<\/p>\n\n\n\n<p>Cabe destacar que la hist\u00f3rica Escuela Normal cuenta con tres niveles de ense\u00f1anza, inicial, primario, secundario destac\u00e1ndose en su trayectoria como formadora de docentes.<\/p>\n\n\n\n<p><\/p>\n<\/div>\n<\/div>\n\n\n\n<p><\/p>\n<\/div>\n<\/div><\/div>\n","protected":false},"excerpt":{"rendered":"<p>Noticias institucionales El ISFD Castro Barros concret\u00f3 la 2\u00aa reuni\u00f3n institucional del a\u00f1o D\u00edas pasados se llev\u00f3 a cabo esta reuni\u00f3n institucional, la cual estuvo organizada por la directora Mar\u00eda Eugenia Folledo y el equipo de gesti\u00f3n de la instituci\u00f3n, participando toda la comunidad educativa. En la oportunidad se analiz\u00f3 el avance del Plan de &#8230; <a title=\"\" class=\"read-more\" href=\"https:\/\/isfdcastrob-lrj.infd.edu.ar\/sitio\/\" aria-label=\"More on \">[+]<\/a><\/p>\n","protected":false},"author":1,"featured_media":0,"parent":0,"menu_order":1,"comment_status":"closed","ping_status":"closed","template":"","meta":[],"acf":[],"_links":{"self":[{"href":"https:\/\/isfdcastrob-lrj.infd.edu.ar\/sitio\/wp-json\/wp\/v2\/pages\/286"}],"collection":[{"href":"https:\/\/isfdcastrob-lrj.infd.edu.ar\/sitio\/wp-json\/wp\/v2\/pages"}],"about":[{"href":"https:\/\/isfdcastrob-lrj.infd.edu.ar\/sitio\/wp-json\/wp\/v2\/types\/page"}],"author":[{"embeddable":true,"href":"https:\/\/isfdcastrob-lrj.infd.edu.ar\/sitio\/wp-json\/wp\/v2\/users\/1"}],"replies":[{"embeddable":true,"href":"https:\/\/isfdcastrob-lrj.infd.edu.ar\/sitio\/wp-json\/wp\/v2\/comments?post=286"}],"version-history":[{"count":560,"href":"https:\/\/isfdcastrob-lrj.infd.edu.ar\/sitio\/wp-json\/wp\/v2\/pages\/286\/revisions"}],"predecessor-version":[{"id":2001,"href":"https:\/\/isfdcastrob-lrj.infd.edu.ar\/sitio\/wp-json\/wp\/v2\/pages\/286\/revisions\/2001"}],"wp:attachment":[{"href":"https:\/\/isfdcastrob-lrj.infd.edu.ar\/sitio\/wp-json\/wp\/v2\/media?parent=286"}],"curies":[{"name":"wp","href":"https:\/\/api.w.org\/{rel}","templated":true}]}}