{"id":1268,"date":"2023-11-30T20:02:51","date_gmt":"2023-11-30T23:02:51","guid":{"rendered":"https:\/\/isfdcastrob-lrj.infd.edu.ar\/sitio\/?page_id=1268"},"modified":"2023-12-20T16:19:40","modified_gmt":"2023-12-20T19:19:40","slug":"departamento-de-investigacion-educativa","status":"publish","type":"page","link":"https:\/\/isfdcastrob-lrj.infd.edu.ar\/sitio\/departamento-de-investigacion-educativa\/","title":{"rendered":"Departamento de Investigaci\u00f3n Educativa"},"content":{"rendered":"\n<p><\/p>\n\n\n\n<p>Es la unidad responsable del dise\u00f1o, gesti\u00f3n y evaluaci\u00f3n de las acciones de investigaci\u00f3n en el instituto.<\/p>\n\n\n\n<p>Promueve la construcci\u00f3n de conocimiento en relaci\u00f3n con tem\u00e1ticas vinculadas a la ense\u00f1anza, el trabajo y la formaci\u00f3n docente.<\/p>\n\n\n\n<p>Conforman el departamento la o el jefe de Investigaci\u00f3n Educativa y docentes con horas institucionales asignadas en forma permanente o transitoria para estar involucrados en algunos de los proyectos. Adem\u00e1s pueden participar estudiantes y egresados.<\/p>\n\n\n\n<p>Este departamento funciona bajo la dependencia del rector\/a o director\/a.<\/p>\n\n\n\n<div class=\"wp-block-media-text is-stacked-on-mobile is-vertically-aligned-center\" style=\"grid-template-columns:30% auto\"><figure class=\"wp-block-media-text__media\"><img decoding=\"async\" loading=\"lazy\" width=\"958\" height=\"960\" src=\"https:\/\/isfdcastrob-lrj.infd.edu.ar\/sitio\/wp-content\/uploads\/2023\/12\/398196244_10232085097260968_7589211151438418015_n.jpg\" alt=\"\" class=\"wp-image-1694 size-full\" srcset=\"https:\/\/isfdcastrob-lrj.infd.edu.ar\/sitio\/wp-content\/uploads\/2023\/12\/398196244_10232085097260968_7589211151438418015_n.jpg 958w, https:\/\/isfdcastrob-lrj.infd.edu.ar\/sitio\/wp-content\/uploads\/2023\/12\/398196244_10232085097260968_7589211151438418015_n-500x500.jpg 500w, https:\/\/isfdcastrob-lrj.infd.edu.ar\/sitio\/wp-content\/uploads\/2023\/12\/398196244_10232085097260968_7589211151438418015_n-768x770.jpg 768w\" sizes=\"(max-width: 958px) 100vw, 958px\" \/><\/figure><div class=\"wp-block-media-text__content\">\n<p class=\"has-text-align-center\"><strong><em>Prof<\/em><\/strong>. <em><strong>Emma Guerrero<\/strong><\/em><\/p>\n\n\n\n<p class=\"has-text-align-center\"><em><strong>Jefa del Departamento de Investigaci\u00f3n Educativa<\/strong><\/em><\/p>\n<\/div><\/div>\n","protected":false},"excerpt":{"rendered":"<p>Es la unidad responsable del dise\u00f1o, gesti\u00f3n y evaluaci\u00f3n de las acciones de investigaci\u00f3n en el instituto. Promueve la construcci\u00f3n de conocimiento en relaci\u00f3n con tem\u00e1ticas vinculadas a la ense\u00f1anza, el trabajo y la formaci\u00f3n docente. Conforman el departamento la o el jefe de Investigaci\u00f3n Educativa y docentes con horas institucionales asignadas en forma permanente &#8230; <a title=\"Departamento de Investigaci\u00f3n Educativa\" class=\"read-more\" href=\"https:\/\/isfdcastrob-lrj.infd.edu.ar\/sitio\/departamento-de-investigacion-educativa\/\" aria-label=\"More on Departamento de Investigaci\u00f3n Educativa\">[+]<\/a><\/p>\n","protected":false},"author":1668,"featured_media":0,"parent":0,"menu_order":0,"comment_status":"closed","ping_status":"closed","template":"","meta":[],"acf":[],"_links":{"self":[{"href":"https:\/\/isfdcastrob-lrj.infd.edu.ar\/sitio\/wp-json\/wp\/v2\/pages\/1268"}],"collection":[{"href":"https:\/\/isfdcastrob-lrj.infd.edu.ar\/sitio\/wp-json\/wp\/v2\/pages"}],"about":[{"href":"https:\/\/isfdcastrob-lrj.infd.edu.ar\/sitio\/wp-json\/wp\/v2\/types\/page"}],"author":[{"embeddable":true,"href":"https:\/\/isfdcastrob-lrj.infd.edu.ar\/sitio\/wp-json\/wp\/v2\/users\/1668"}],"replies":[{"embeddable":true,"href":"https:\/\/isfdcastrob-lrj.infd.edu.ar\/sitio\/wp-json\/wp\/v2\/comments?post=1268"}],"version-history":[{"count":8,"href":"https:\/\/isfdcastrob-lrj.infd.edu.ar\/sitio\/wp-json\/wp\/v2\/pages\/1268\/revisions"}],"predecessor-version":[{"id":1740,"href":"https:\/\/isfdcastrob-lrj.infd.edu.ar\/sitio\/wp-json\/wp\/v2\/pages\/1268\/revisions\/1740"}],"wp:attachment":[{"href":"https:\/\/isfdcastrob-lrj.infd.edu.ar\/sitio\/wp-json\/wp\/v2\/media?parent=1268"}],"curies":[{"name":"wp","href":"https:\/\/api.w.org\/{rel}","templated":true}]}}