{"id":1265,"date":"2023-11-30T20:02:02","date_gmt":"2023-11-30T23:02:02","guid":{"rendered":"https:\/\/isfdcastrob-lrj.infd.edu.ar\/sitio\/?page_id=1265"},"modified":"2024-07-25T18:08:41","modified_gmt":"2024-07-25T21:08:41","slug":"departamento-de-formacion-continua","status":"publish","type":"page","link":"https:\/\/isfdcastrob-lrj.infd.edu.ar\/sitio\/departamento-de-formacion-continua\/","title":{"rendered":"Departamento de Formaci\u00f3n Continua"},"content":{"rendered":"\n<p>Es la unidad responsable de la planificaci\u00f3n e implementaci\u00f3n de propuestas y dispositivos de formaci\u00f3n posterior a la formaci\u00f3n inicial,&nbsp; para fomentar el desarrollo profesional de &nbsp;las y los docentes de todos los niveles y modalidades del sistema educativo obligatorio.<\/p>\n\n\n\n<p>Adem\u00e1s, incluye, entre otras acciones, el asesoramiento pedag\u00f3gico &nbsp;a escuelas, el acompa\u00f1amiento a los primeros desempe\u00f1os docentes, la formaci\u00f3n pedag\u00f3gica de quienes se desempe\u00f1en en el \u00e1mbito de la ense\u00f1anza sin t\u00edtulo docente y\/o profesionales de otras disciplinas, como as\u00ed tambi\u00e9n asiste en la preparaci\u00f3n para el desempe\u00f1o de cargos directivos para el sistema obligatorio.<\/p>\n\n\n\n<p>Asimismo, asesora sobre la actualizaci\u00f3n disciplinar y pedag\u00f3gica de &nbsp;docentes en ejercicio, la formaci\u00f3n de docente y no docentes para el desarrollo de actividades educativas en instituciones no escolares.<\/p>\n\n\n\n<p>Funciona bajo la dependencia del rector o rectora del instituto y lo conforman el Jefe de Formaci\u00f3n Continua y los y las docentes con horas institucionales asignadas en forma permanente o transitoria para estar involucrados en algunos de los proyectos del departamento.<\/p>\n\n\n\n<div class=\"wp-block-media-text is-stacked-on-mobile\" style=\"grid-template-columns:30% auto\"><figure class=\"wp-block-media-text__media\"><img decoding=\"async\" loading=\"lazy\" width=\"1600\" height=\"1222\" src=\"https:\/\/isfdcastrob-lrj.infd.edu.ar\/sitio\/wp-content\/uploads\/2023\/12\/cb484f18-f400-48b2-a071-50d777dbd7d5.jpg\" alt=\"\" class=\"wp-image-1717 size-full\" srcset=\"https:\/\/isfdcastrob-lrj.infd.edu.ar\/sitio\/wp-content\/uploads\/2023\/12\/cb484f18-f400-48b2-a071-50d777dbd7d5.jpg 1600w, https:\/\/isfdcastrob-lrj.infd.edu.ar\/sitio\/wp-content\/uploads\/2023\/12\/cb484f18-f400-48b2-a071-50d777dbd7d5-1000x764.jpg 1000w, https:\/\/isfdcastrob-lrj.infd.edu.ar\/sitio\/wp-content\/uploads\/2023\/12\/cb484f18-f400-48b2-a071-50d777dbd7d5-768x587.jpg 768w, https:\/\/isfdcastrob-lrj.infd.edu.ar\/sitio\/wp-content\/uploads\/2023\/12\/cb484f18-f400-48b2-a071-50d777dbd7d5-1536x1173.jpg 1536w\" sizes=\"(max-width: 1600px) 100vw, 1600px\" \/><\/figure><div class=\"wp-block-media-text__content\">\n<p class=\"has-text-align-center\"><strong><em>Lic. Analia Espinosa <\/em><\/strong><\/p>\n\n\n\n<p class=\"has-text-align-center\"><strong><em>Jefa del Departamento de Formaci\u00f3n Continua <\/em><\/strong><\/p>\n<\/div><\/div>\n","protected":false},"excerpt":{"rendered":"<p>Es la unidad responsable de la planificaci\u00f3n e implementaci\u00f3n de propuestas y dispositivos de formaci\u00f3n posterior a la formaci\u00f3n inicial,&nbsp; para fomentar el desarrollo profesional de &nbsp;las y los docentes de todos los niveles y modalidades del sistema educativo obligatorio. Adem\u00e1s, incluye, entre otras acciones, el asesoramiento pedag\u00f3gico &nbsp;a escuelas, el acompa\u00f1amiento a los primeros &#8230; <a title=\"Departamento de Formaci\u00f3n Continua\" class=\"read-more\" href=\"https:\/\/isfdcastrob-lrj.infd.edu.ar\/sitio\/departamento-de-formacion-continua\/\" aria-label=\"More on Departamento de Formaci\u00f3n Continua\">[+]<\/a><\/p>\n","protected":false},"author":1668,"featured_media":0,"parent":0,"menu_order":0,"comment_status":"closed","ping_status":"closed","template":"","meta":[],"acf":[],"_links":{"self":[{"href":"https:\/\/isfdcastrob-lrj.infd.edu.ar\/sitio\/wp-json\/wp\/v2\/pages\/1265"}],"collection":[{"href":"https:\/\/isfdcastrob-lrj.infd.edu.ar\/sitio\/wp-json\/wp\/v2\/pages"}],"about":[{"href":"https:\/\/isfdcastrob-lrj.infd.edu.ar\/sitio\/wp-json\/wp\/v2\/types\/page"}],"author":[{"embeddable":true,"href":"https:\/\/isfdcastrob-lrj.infd.edu.ar\/sitio\/wp-json\/wp\/v2\/users\/1668"}],"replies":[{"embeddable":true,"href":"https:\/\/isfdcastrob-lrj.infd.edu.ar\/sitio\/wp-json\/wp\/v2\/comments?post=1265"}],"version-history":[{"count":10,"href":"https:\/\/isfdcastrob-lrj.infd.edu.ar\/sitio\/wp-json\/wp\/v2\/pages\/1265\/revisions"}],"predecessor-version":[{"id":1939,"href":"https:\/\/isfdcastrob-lrj.infd.edu.ar\/sitio\/wp-json\/wp\/v2\/pages\/1265\/revisions\/1939"}],"wp:attachment":[{"href":"https:\/\/isfdcastrob-lrj.infd.edu.ar\/sitio\/wp-json\/wp\/v2\/media?parent=1265"}],"curies":[{"name":"wp","href":"https:\/\/api.w.org\/{rel}","templated":true}]}}