{"id":1260,"date":"2023-11-30T19:55:09","date_gmt":"2023-11-30T22:55:09","guid":{"rendered":"https:\/\/isfdcastrob-lrj.infd.edu.ar\/sitio\/?page_id=1260"},"modified":"2023-12-19T19:23:04","modified_gmt":"2023-12-19T22:23:04","slug":"departamento-de-formacion-inicial","status":"publish","type":"page","link":"https:\/\/isfdcastrob-lrj.infd.edu.ar\/sitio\/departamento-de-formacion-inicial\/","title":{"rendered":"Departamento de Formaci\u00f3n Inicial"},"content":{"rendered":"\n<p><\/p>\n\n\n\n<p>Es la unidad responsable del dise\u00f1o, desarrollo y evaluaci\u00f3n de la gesti\u00f3n curricular integral. Funciona bajo la dependencia del rector\/director. Esta conformado por la o el jefe de Formaci\u00f3n Inicial, las y los coordinadores de carrera y de pr\u00e1ctica, cuyas funciones est\u00e1n de\ufb01nidas en Resoluci\u00f3n S.G.E.N 0285.<\/p>\n\n\n\n<div class=\"wp-block-media-text is-stacked-on-mobile\" style=\"grid-template-columns:22% auto\"><figure class=\"wp-block-media-text__media\"><img decoding=\"async\" loading=\"lazy\" width=\"720\" height=\"960\" src=\"https:\/\/isfdcastrob-lrj.infd.edu.ar\/sitio\/wp-content\/uploads\/2023\/12\/117337179_10223948005274790_6814919910353709058_n.jpg\" alt=\"\" class=\"wp-image-1466 size-full\"\/><\/figure><div class=\"wp-block-media-text__content\">\n<p class=\"has-text-align-center\"><strong><em>Prof. Elizabeth S\u00e1nchez<\/em><\/strong><\/p>\n\n\n\n<p class=\"has-text-align-center\"><strong><em>Jefa del Departamento de Formaci\u00f3n Inicial<\/em><\/strong><strong><\/strong><\/p>\n\n\n\n<p class=\"has-text-align-center\"><\/p>\n<\/div><\/div>\n","protected":false},"excerpt":{"rendered":"<p>Es la unidad responsable del dise\u00f1o, desarrollo y evaluaci\u00f3n de la gesti\u00f3n curricular integral. Funciona bajo la dependencia del rector\/director. Esta conformado por la o el jefe de Formaci\u00f3n Inicial, las y los coordinadores de carrera y de pr\u00e1ctica, cuyas funciones est\u00e1n de\ufb01nidas en Resoluci\u00f3n S.G.E.N 0285. Prof. Elizabeth S\u00e1nchez Jefa del Departamento de Formaci\u00f3n &#8230; <a title=\"Departamento de Formaci\u00f3n Inicial\" class=\"read-more\" href=\"https:\/\/isfdcastrob-lrj.infd.edu.ar\/sitio\/departamento-de-formacion-inicial\/\" aria-label=\"More on Departamento de Formaci\u00f3n Inicial\">[+]<\/a><\/p>\n","protected":false},"author":1668,"featured_media":0,"parent":0,"menu_order":0,"comment_status":"closed","ping_status":"closed","template":"","meta":[],"acf":[],"_links":{"self":[{"href":"https:\/\/isfdcastrob-lrj.infd.edu.ar\/sitio\/wp-json\/wp\/v2\/pages\/1260"}],"collection":[{"href":"https:\/\/isfdcastrob-lrj.infd.edu.ar\/sitio\/wp-json\/wp\/v2\/pages"}],"about":[{"href":"https:\/\/isfdcastrob-lrj.infd.edu.ar\/sitio\/wp-json\/wp\/v2\/types\/page"}],"author":[{"embeddable":true,"href":"https:\/\/isfdcastrob-lrj.infd.edu.ar\/sitio\/wp-json\/wp\/v2\/users\/1668"}],"replies":[{"embeddable":true,"href":"https:\/\/isfdcastrob-lrj.infd.edu.ar\/sitio\/wp-json\/wp\/v2\/comments?post=1260"}],"version-history":[{"count":17,"href":"https:\/\/isfdcastrob-lrj.infd.edu.ar\/sitio\/wp-json\/wp\/v2\/pages\/1260\/revisions"}],"predecessor-version":[{"id":1710,"href":"https:\/\/isfdcastrob-lrj.infd.edu.ar\/sitio\/wp-json\/wp\/v2\/pages\/1260\/revisions\/1710"}],"wp:attachment":[{"href":"https:\/\/isfdcastrob-lrj.infd.edu.ar\/sitio\/wp-json\/wp\/v2\/media?parent=1260"}],"curies":[{"name":"wp","href":"https:\/\/api.w.org\/{rel}","templated":true}]}}