{"id":1254,"date":"2023-11-30T19:38:24","date_gmt":"2023-11-30T22:38:24","guid":{"rendered":"https:\/\/isfdcastrob-lrj.infd.edu.ar\/sitio\/?page_id=1254"},"modified":"2023-12-19T20:16:53","modified_gmt":"2023-12-19T23:16:53","slug":"profesorado-de-educacion-secundaria-en-biologia","status":"publish","type":"page","link":"https:\/\/isfdcastrob-lrj.infd.edu.ar\/sitio\/profesorado-de-educacion-secundaria-en-biologia\/","title":{"rendered":"Profesorado de Educaci\u00f3n Secundaria en Biolog\u00eda"},"content":{"rendered":"\n<p><strong>T\u00edtulo<\/strong>: Profesor\/a de Educaci\u00f3n Secundaria en Biolog\u00eda <\/p>\n\n\n\n<p><strong>Duraci\u00f3n de la carrera<\/strong>: cuatro (4) a\u00f1os de estudio<\/p>\n\n\n\n<p>Aprobado por Resoluci\u00f3n del Ministerio de Educaci\u00f3n, Ciencia y Tecnolog\u00eda de La Rioja N\u00b0 1062\/2014<\/p>\n\n\n\n<p><strong>Perfil del egresado<\/strong><\/p>\n\n\n\n<p>Se aspira a formar un\/a profesor\/a para la Educaci\u00f3n Secundaria en Biolog\u00eda que sea a la vez una persona comprometida con la disciplina y su ense\u00f1anza, ello implica el desarrollo de capacidades para:<\/p>\n\n\n\n<p>*Analizar la pr\u00e1ctica cotidiana incorporando las dimensiones siempre particulares del contexto de la pr\u00e1ctica, tanto en el nivel organizacional como en el aula, en vistas a la mejora continua de la ense\u00f1anza. Estas pr\u00e1cticas requieren del dominio de los contenidos disciplinares y de interrogarse acerca de la contextualizaci\u00f3n de los principios generales de la ense\u00f1anza en los espacios locales de su realizaci\u00f3n.<\/p>\n\n\n\n<p><strong>*<\/strong>Ser un mediador intercultural, animador de una comunidad educativa, promotor del respeto a la vida y la ley en una sociedad democr\u00e1tica y que desde una comprensi\u00f3n de la disciplina, logre construir y utilizar modelos cient\u00edficos escolares, contextualizados en cuestiones socio-cient\u00edficas, a partir del dise\u00f1o y desarrollo de procesos de indagaci\u00f3n cient\u00edfica escolar participando de investigaciones relevantes relacionadas al campo disciplinar y en la confecci\u00f3n de diferentes&nbsp;&nbsp; proyectos pedag\u00f3gicos de distintos alcances&nbsp; de aplicaci\u00f3n.<\/p>\n\n\n\n<p><strong>*<\/strong>Reconocer e interpretar distintos modos de producci\u00f3n y validaci\u00f3n del conocimiento, as\u00ed como la valoraci\u00f3n de sus aportes e impactos a nivel personal y social, desde el abordaje de la epistemolog\u00eda del conocimiento como una construcci\u00f3n social, subjetiva y contextualizada.<\/p>\n\n\n\n<p><strong>*<\/strong>Promover en los\/las alumnos\/as la construcci\u00f3n de una visi\u00f3n actualizada de la ciencia entendida como una actividad social, de car\u00e1cter creativo y provisorio, que forma parte de la cultura, con su historia, sus consensos y sus contradicciones.<\/p>\n\n\n\n<p><strong>*<\/strong>Utilizar las TIC como estrategia de ense\u00f1anza para la apropiaci\u00f3n de saberes, la realizaci\u00f3n de trabajos colaborativos y la posibilidad de comunicar producciones en diferentes lenguajes y formas variadas de representaciones.<\/p>\n\n\n\n<p><strong>*<\/strong>Identificar y analizar problemas cient\u00edficos actuales de relevancia social como los vinculados con el ambiente y la salud, utilizando conocimientos de hechos y procesos interrelacionados, a partir de una reflexi\u00f3n cr\u00edtica y un abordaje propositivo que fortalezcan el respeto por la vida y el cuidado del ambiente.<\/p>\n\n\n\n<p><strong>*<\/strong>Promover el intercambio de experiencias did\u00e1cticas para el acrecentamiento de la formaci\u00f3n docente, el fortalecimiento de la pr\u00e1ctica educativa y en caso de ser necesario realizar las adecuaciones curriculares para aqu\u00e9llos\/as alumnos\/as con necesidades educativas especiales.<\/p>\n\n\n<div class=\"wp-block-image\">\n<figure class=\"aligncenter size-full is-resized\"><img decoding=\"async\" loading=\"lazy\" src=\"https:\/\/isfdcastrob-lrj.infd.edu.ar\/sitio\/wp-content\/uploads\/2023\/12\/404935483_737319195086042_3007457618893082040_n.jpg\" alt=\"\" class=\"wp-image-1682\" width=\"625\" height=\"351\" srcset=\"https:\/\/isfdcastrob-lrj.infd.edu.ar\/sitio\/wp-content\/uploads\/2023\/12\/404935483_737319195086042_3007457618893082040_n.jpg 1600w, https:\/\/isfdcastrob-lrj.infd.edu.ar\/sitio\/wp-content\/uploads\/2023\/12\/404935483_737319195086042_3007457618893082040_n-1000x563.jpg 1000w, https:\/\/isfdcastrob-lrj.infd.edu.ar\/sitio\/wp-content\/uploads\/2023\/12\/404935483_737319195086042_3007457618893082040_n-768x432.jpg 768w, https:\/\/isfdcastrob-lrj.infd.edu.ar\/sitio\/wp-content\/uploads\/2023\/12\/404935483_737319195086042_3007457618893082040_n-1536x864.jpg 1536w\" sizes=\"(max-width: 625px) 100vw, 625px\" \/><\/figure><\/div>","protected":false},"excerpt":{"rendered":"<p>T\u00edtulo: Profesor\/a de Educaci\u00f3n Secundaria en Biolog\u00eda Duraci\u00f3n de la carrera: cuatro (4) a\u00f1os de estudio Aprobado por Resoluci\u00f3n del Ministerio de Educaci\u00f3n, Ciencia y Tecnolog\u00eda de La Rioja N\u00b0 1062\/2014 Perfil del egresado Se aspira a formar un\/a profesor\/a para la Educaci\u00f3n Secundaria en Biolog\u00eda que sea a la vez una persona comprometida con &#8230; <a title=\"Profesorado de Educaci\u00f3n Secundaria en Biolog\u00eda\" class=\"read-more\" href=\"https:\/\/isfdcastrob-lrj.infd.edu.ar\/sitio\/profesorado-de-educacion-secundaria-en-biologia\/\" aria-label=\"More on Profesorado de Educaci\u00f3n Secundaria en Biolog\u00eda\">[+]<\/a><\/p>\n","protected":false},"author":1668,"featured_media":0,"parent":0,"menu_order":0,"comment_status":"closed","ping_status":"closed","template":"","meta":[],"acf":[],"_links":{"self":[{"href":"https:\/\/isfdcastrob-lrj.infd.edu.ar\/sitio\/wp-json\/wp\/v2\/pages\/1254"}],"collection":[{"href":"https:\/\/isfdcastrob-lrj.infd.edu.ar\/sitio\/wp-json\/wp\/v2\/pages"}],"about":[{"href":"https:\/\/isfdcastrob-lrj.infd.edu.ar\/sitio\/wp-json\/wp\/v2\/types\/page"}],"author":[{"embeddable":true,"href":"https:\/\/isfdcastrob-lrj.infd.edu.ar\/sitio\/wp-json\/wp\/v2\/users\/1668"}],"replies":[{"embeddable":true,"href":"https:\/\/isfdcastrob-lrj.infd.edu.ar\/sitio\/wp-json\/wp\/v2\/comments?post=1254"}],"version-history":[{"count":5,"href":"https:\/\/isfdcastrob-lrj.infd.edu.ar\/sitio\/wp-json\/wp\/v2\/pages\/1254\/revisions"}],"predecessor-version":[{"id":1720,"href":"https:\/\/isfdcastrob-lrj.infd.edu.ar\/sitio\/wp-json\/wp\/v2\/pages\/1254\/revisions\/1720"}],"wp:attachment":[{"href":"https:\/\/isfdcastrob-lrj.infd.edu.ar\/sitio\/wp-json\/wp\/v2\/media?parent=1254"}],"curies":[{"name":"wp","href":"https:\/\/api.w.org\/{rel}","templated":true}]}}