{"id":1130,"date":"2023-09-27T17:00:51","date_gmt":"2023-09-27T20:00:51","guid":{"rendered":"https:\/\/isfdcastrob-lrj.infd.edu.ar\/sitio\/?page_id=1130"},"modified":"2023-12-15T13:27:19","modified_gmt":"2023-12-15T16:27:19","slug":"reglamentos","status":"publish","type":"page","link":"https:\/\/isfdcastrob-lrj.infd.edu.ar\/sitio\/reglamentos\/","title":{"rendered":"REGLAMENTOS"},"content":{"rendered":"\n<p><strong>R\u00e9gimen Acad\u00e9mico Marco (RAM)<\/strong><\/p>\n\n\n\n<div class=\"wp-block-file\"><object class=\"wp-block-file__embed\" data=\"https:\/\/isfdcastrob-lrj.infd.edu.ar\/sitio\/wp-content\/uploads\/2023\/09\/Resolucion-SGE-N\u00b0-0332-23-Aprobar-Regimen-Academico-Marco_compressed-1.pdf\" type=\"application\/pdf\" style=\"width:100%;height:749px\" aria-label=\"Incrustado de Resolucion-SGE-N\u00b0-0332-23-Aprobar-Regimen-Academico-Marco_compressed-1.\"><\/object><a id=\"wp-block-file--media-03aee8aa-b683-4748-bdf3-c6609422ab73\" href=\"https:\/\/isfdcastrob-lrj.infd.edu.ar\/sitio\/wp-content\/uploads\/2023\/09\/Resolucion-SGE-N\u00b0-0332-23-Aprobar-Regimen-Academico-Marco_compressed-1.pdf\">Resolucion-SGE-N\u00b0-0332-23-Aprobar-Regimen-Academico-Marco_compressed-1<\/a><a href=\"https:\/\/isfdcastrob-lrj.infd.edu.ar\/sitio\/wp-content\/uploads\/2023\/09\/Resolucion-SGE-N\u00b0-0332-23-Aprobar-Regimen-Academico-Marco_compressed-1.pdf\" class=\"wp-block-file__button wp-element-button\" download aria-describedby=\"wp-block-file--media-03aee8aa-b683-4748-bdf3-c6609422ab73\"><br><br><\/a><\/div>\n\n\n\n<p><\/p>\n\n\n\n<p><strong>Reglamento del Campo de la Pr\u00e1ctica Profesional y Residencia<\/strong> <\/p>\n\n\n\n<div class=\"wp-block-file\"><object class=\"wp-block-file__embed\" data=\"https:\/\/isfdcastrob-lrj.infd.edu.ar\/sitio\/wp-content\/uploads\/2023\/12\/Resolucion-MECyT-No-2558-19-REGLAMENTO-JURISD-DE-PRACTICAS-Y-RE_compressed.pdf\" type=\"application\/pdf\" style=\"width:100%;height:600px\" aria-label=\"Incrustado de Resolucion-MECyT-No-2558-19-REGLAMENTO-JURISD-DE-PRACTICAS-Y-RE_compressed.\"><\/object><a id=\"wp-block-file--media-0b2c0be7-e6a1-448a-9462-f984d8a2b2d9\" href=\"https:\/\/isfdcastrob-lrj.infd.edu.ar\/sitio\/wp-content\/uploads\/2023\/12\/Resolucion-MECyT-No-2558-19-REGLAMENTO-JURISD-DE-PRACTICAS-Y-RE_compressed.pdf\">Resolucion-MECyT-No-2558-19-REGLAMENTO-JURISD-DE-PRACTICAS-Y-RE_compressed<\/a><a href=\"https:\/\/isfdcastrob-lrj.infd.edu.ar\/sitio\/wp-content\/uploads\/2023\/12\/Resolucion-MECyT-No-2558-19-REGLAMENTO-JURISD-DE-PRACTICAS-Y-RE_compressed.pdf\" class=\"wp-block-file__button wp-element-button\" download aria-describedby=\"wp-block-file--media-0b2c0be7-e6a1-448a-9462-f984d8a2b2d9\">Descarga<\/a><\/div>\n","protected":false},"excerpt":{"rendered":"<p>R\u00e9gimen Acad\u00e9mico Marco (RAM) Reglamento del Campo de la Pr\u00e1ctica Profesional y Residencia<\/p>\n","protected":false},"author":1668,"featured_media":0,"parent":0,"menu_order":0,"comment_status":"closed","ping_status":"closed","template":"","meta":[],"acf":[],"_links":{"self":[{"href":"https:\/\/isfdcastrob-lrj.infd.edu.ar\/sitio\/wp-json\/wp\/v2\/pages\/1130"}],"collection":[{"href":"https:\/\/isfdcastrob-lrj.infd.edu.ar\/sitio\/wp-json\/wp\/v2\/pages"}],"about":[{"href":"https:\/\/isfdcastrob-lrj.infd.edu.ar\/sitio\/wp-json\/wp\/v2\/types\/page"}],"author":[{"embeddable":true,"href":"https:\/\/isfdcastrob-lrj.infd.edu.ar\/sitio\/wp-json\/wp\/v2\/users\/1668"}],"replies":[{"embeddable":true,"href":"https:\/\/isfdcastrob-lrj.infd.edu.ar\/sitio\/wp-json\/wp\/v2\/comments?post=1130"}],"version-history":[{"count":11,"href":"https:\/\/isfdcastrob-lrj.infd.edu.ar\/sitio\/wp-json\/wp\/v2\/pages\/1130\/revisions"}],"predecessor-version":[{"id":1626,"href":"https:\/\/isfdcastrob-lrj.infd.edu.ar\/sitio\/wp-json\/wp\/v2\/pages\/1130\/revisions\/1626"}],"wp:attachment":[{"href":"https:\/\/isfdcastrob-lrj.infd.edu.ar\/sitio\/wp-json\/wp\/v2\/media?parent=1130"}],"curies":[{"name":"wp","href":"https:\/\/api.w.org\/{rel}","templated":true}]}}