{"id":1074,"date":"2023-08-01T19:56:32","date_gmt":"2023-08-01T22:56:32","guid":{"rendered":"https:\/\/isfdcastrob-lrj.infd.edu.ar\/sitio\/?page_id=1074"},"modified":"2023-12-19T19:43:05","modified_gmt":"2023-12-19T22:43:05","slug":"carreras","status":"publish","type":"page","link":"https:\/\/isfdcastrob-lrj.infd.edu.ar\/sitio\/carreras\/","title":{"rendered":"Profesorado en Educaci\u00f3n Inicial"},"content":{"rendered":"\n<p>Esta carrera busca la formaci\u00f3n de docentes mediadores de la cultura con capacidades profesionales que le permitan abordar las problem\u00e1ticas y tem\u00e1ticas de los primeros a\u00f1os de vida: el proceso de subjetivaci\u00f3n, las caracter\u00edsticas del desarrollo infantil y las pr\u00e1cticas de crianza, el trabajo con las familias y las instituciones para desempe\u00f1arse responsablemente frente al cuidado y crianza de los peque\u00f1os.<\/p>\n\n\n\n<p>Esta tarea es posible a trav\u00e9s de un permanente y cuidado proceso de formaci\u00f3n que le permite al futuro docente como actor clave de estos procesos, transitar y construir los saberes, valores y actitudes necesarios para consolidar una actitud reflexiva en el campo de la pr\u00e1ctica y tomar conciencia de su responsabilidad como agente estatal para garantizar el derecho a la educaci\u00f3n de la primera infancia<\/p>\n\n\n\n<p>Son desaf\u00edos formativos de la formaci\u00f3n docente para la Educaci\u00f3n Inicial:<\/p>\n\n\n\n<p>\u2022&nbsp;&nbsp;&nbsp;&nbsp;&nbsp;&nbsp;&nbsp;&nbsp;&nbsp;&nbsp;&nbsp;&nbsp; Fortalecer la identidad y la significaci\u00f3n social de la profesi\u00f3n docente en los nuevos escenarios del trabajo docente.<\/p>\n\n\n\n<p>\u2022&nbsp;&nbsp;&nbsp;&nbsp;&nbsp;&nbsp;&nbsp;&nbsp;&nbsp;&nbsp;&nbsp;&nbsp; Recuperar la centralidad de la ense\u00f1anza en su dimensi\u00f3n \u00e9tica y pol\u00edtica.<\/p>\n\n\n\n<p>\u2022&nbsp;&nbsp;&nbsp;&nbsp;&nbsp;&nbsp;&nbsp;&nbsp;&nbsp;&nbsp;&nbsp;&nbsp; Reconocer a la ense\u00f1anza como una pr\u00e1ctica social y situada que necesita, por parte de quien la ejerce, de un dominio experto del saber did\u00e1ctico de los contenidos de ense\u00f1anza, las condiciones de apropiaci\u00f3n de esos contenidos por parte de quien los aprende y los criterios para construir estrategias de ense\u00f1anza en relaci\u00f3n a los contenidos de la disciplina y los contextos concretos de actuaci\u00f3n.<\/p>\n\n\n\n<p>\u2022&nbsp;&nbsp;&nbsp;&nbsp;&nbsp;&nbsp;&nbsp;&nbsp;&nbsp;&nbsp;&nbsp;&nbsp; Formar profesionales de la ense\u00f1anza con capacidad para generar propuestas pedag\u00f3gicas que contemplen el respeto a la diversidad ya la vida en democracia.<\/p>\n\n\n\n<p>\u2022&nbsp;&nbsp;&nbsp;&nbsp;&nbsp;&nbsp;&nbsp;&nbsp;&nbsp;&nbsp;&nbsp;&nbsp; Promover la construcci\u00f3n de una identidad docente basada en la autonom\u00eda profesional, el v\u00ednculo con la cultura y la sociedad actual, el trabajo en equipo y la confianza en la capacidad de aprendizaje de todos los alumnos.<\/p>\n\n\n\n<p>\u2022\u00a0\u00a0\u00a0\u00a0\u00a0\u00a0\u00a0\u00a0\u00a0\u00a0\u00a0\u00a0 Formar docentes con la capacidad y la flexibilidad te\u00f3rica y metodol\u00f3gica para generar propuestas pedag\u00f3gicas diversas que garanticen el enriquecimiento de experiencias y la transmisi\u00f3n de conocimientos y la inclusi\u00f3n de todos los ni\u00f1os de 45 d\u00edas a 5 a\u00f1os. Que garantice la inclusi\u00f3n para nuestras infancias.<\/p>\n\n\n<div class=\"wp-block-image\">\n<figure class=\"aligncenter size-full is-resized\"><img decoding=\"async\" loading=\"lazy\" src=\"https:\/\/isfdcastrob-lrj.infd.edu.ar\/sitio\/wp-content\/uploads\/2023\/11\/398457862_725085552976073_9131894637557589561_n.jpg\" alt=\"\" class=\"wp-image-1235\" width=\"679\" height=\"381\" srcset=\"https:\/\/isfdcastrob-lrj.infd.edu.ar\/sitio\/wp-content\/uploads\/2023\/11\/398457862_725085552976073_9131894637557589561_n.jpg 1600w, https:\/\/isfdcastrob-lrj.infd.edu.ar\/sitio\/wp-content\/uploads\/2023\/11\/398457862_725085552976073_9131894637557589561_n-1000x563.jpg 1000w, https:\/\/isfdcastrob-lrj.infd.edu.ar\/sitio\/wp-content\/uploads\/2023\/11\/398457862_725085552976073_9131894637557589561_n-768x432.jpg 768w, https:\/\/isfdcastrob-lrj.infd.edu.ar\/sitio\/wp-content\/uploads\/2023\/11\/398457862_725085552976073_9131894637557589561_n-1536x864.jpg 1536w\" sizes=\"(max-width: 679px) 100vw, 679px\" \/><\/figure><\/div>","protected":false},"excerpt":{"rendered":"<p>Esta carrera busca la formaci\u00f3n de docentes mediadores de la cultura con capacidades profesionales que le permitan abordar las problem\u00e1ticas y tem\u00e1ticas de los primeros a\u00f1os de vida: el proceso de subjetivaci\u00f3n, las caracter\u00edsticas del desarrollo infantil y las pr\u00e1cticas de crianza, el trabajo con las familias y las instituciones para desempe\u00f1arse responsablemente frente al &#8230; <a title=\"Profesorado en Educaci\u00f3n Inicial\" class=\"read-more\" href=\"https:\/\/isfdcastrob-lrj.infd.edu.ar\/sitio\/carreras\/\" aria-label=\"More on Profesorado en Educaci\u00f3n Inicial\">[+]<\/a><\/p>\n","protected":false},"author":1668,"featured_media":0,"parent":0,"menu_order":0,"comment_status":"closed","ping_status":"closed","template":"","meta":[],"acf":[],"_links":{"self":[{"href":"https:\/\/isfdcastrob-lrj.infd.edu.ar\/sitio\/wp-json\/wp\/v2\/pages\/1074"}],"collection":[{"href":"https:\/\/isfdcastrob-lrj.infd.edu.ar\/sitio\/wp-json\/wp\/v2\/pages"}],"about":[{"href":"https:\/\/isfdcastrob-lrj.infd.edu.ar\/sitio\/wp-json\/wp\/v2\/types\/page"}],"author":[{"embeddable":true,"href":"https:\/\/isfdcastrob-lrj.infd.edu.ar\/sitio\/wp-json\/wp\/v2\/users\/1668"}],"replies":[{"embeddable":true,"href":"https:\/\/isfdcastrob-lrj.infd.edu.ar\/sitio\/wp-json\/wp\/v2\/comments?post=1074"}],"version-history":[{"count":9,"href":"https:\/\/isfdcastrob-lrj.infd.edu.ar\/sitio\/wp-json\/wp\/v2\/pages\/1074\/revisions"}],"predecessor-version":[{"id":1716,"href":"https:\/\/isfdcastrob-lrj.infd.edu.ar\/sitio\/wp-json\/wp\/v2\/pages\/1074\/revisions\/1716"}],"wp:attachment":[{"href":"https:\/\/isfdcastrob-lrj.infd.edu.ar\/sitio\/wp-json\/wp\/v2\/media?parent=1074"}],"curies":[{"name":"wp","href":"https:\/\/api.w.org\/{rel}","templated":true}]}}